{"id":8,"date":"2024-05-15T12:25:47","date_gmt":"2024-05-15T12:25:47","guid":{"rendered":"https:\/\/zdrojewski.dev-whitemoon.pl\/?page_id=8"},"modified":"2024-05-16T13:02:34","modified_gmt":"2024-05-16T13:02:34","slug":"strona-glowna","status":"publish","type":"page","link":"https:\/\/europarlament.zdrojewski.info\/","title":{"rendered":"Strona g\u0142\u00f3wna"},"content":{"rendered":"<style>\/*! elementor - v3.21.0 - 08-05-2024 *\/\n.elementor-widget-image{text-align:center}.elementor-widget-image a{display:inline-block}.elementor-widget-image a img[src$=\".svg\"]{width:48px}.elementor-widget-image img{vertical-align:middle;display:inline-block}<\/style>\n<p>\t\t\t\t\t\t\t\t\t\t<img loading=\"lazy\" decoding=\"async\" width=\"1336\" height=\"684\" src=\"https:\/\/zdrojewski.dev-whitemoon.pl\/wp-content\/uploads\/2024\/05\/slider_poziom_europarlament.jpg\" alt=\"\" srcset=\"https:\/\/zdrojewski.dev-whitemoon.pl\/wp-content\/uploads\/2024\/05\/slider_poziom_europarlament.jpg 1336w, https:\/\/zdrojewski.dev-whitemoon.pl\/wp-content\/uploads\/2024\/05\/slider_poziom_europarlament-300x154.jpg 300w, https:\/\/zdrojewski.dev-whitemoon.pl\/wp-content\/uploads\/2024\/05\/slider_poziom_europarlament-1024x524.jpg 1024w, https:\/\/zdrojewski.dev-whitemoon.pl\/wp-content\/uploads\/2024\/05\/slider_poziom_europarlament-768x393.jpg 768w\" sizes=\"(max-width: 1336px) 100vw, 1336px\" \/><br \/>\n\t\t\t\t\t\t\t\t\t\t\t\t\t<img loading=\"lazy\" decoding=\"async\" width=\"1082\" height=\"1920\" src=\"https:\/\/zdrojewski.dev-whitemoon.pl\/wp-content\/uploads\/2024\/05\/slider_pion_europarlament.jpg\" alt=\"\" srcset=\"https:\/\/zdrojewski.dev-whitemoon.pl\/wp-content\/uploads\/2024\/05\/slider_pion_europarlament.jpg 1082w, https:\/\/zdrojewski.dev-whitemoon.pl\/wp-content\/uploads\/2024\/05\/slider_pion_europarlament-169x300.jpg 169w, https:\/\/zdrojewski.dev-whitemoon.pl\/wp-content\/uploads\/2024\/05\/slider_pion_europarlament-577x1024.jpg 577w, https:\/\/zdrojewski.dev-whitemoon.pl\/wp-content\/uploads\/2024\/05\/slider_pion_europarlament-768x1363.jpg 768w, https:\/\/zdrojewski.dev-whitemoon.pl\/wp-content\/uploads\/2024\/05\/slider_pion_europarlament-866x1536.jpg 866w\" sizes=\"(max-width: 1082px) 100vw, 1082px\" \/>\t\t\t\t\t\t\t\t\t\t\t\t\t<\/p>\n<p>DLA BEZPIECZNEJ PRZYSZ\u0141O\u015aCI<\/p>\n<p>&#8222;Nie bez trudu uda\u0142o si\u0119 przekona\u0107 pa\u0144stwa cz\u0142onkowskie do wi\u0119kszego zaanga\u017cowania we wsp\u00f3\u0142prac\u0119 obronn\u0105. Chodzi nie tylko o wzrost nak\u0142ad\u00f3w finansowych, ale tak\u017ce o wspieranie projekt\u00f3w badawczych, zmierzaj\u0105cych do uzyskania najnowocze\u015bniejszych produkt\u00f3w obronnych. Poprawiamy wreszcie logistyk\u0119, ograniczamy marnotrawstwo a tak\u017ce inwestujemy w europejskie systemy satelitarne. To wszystko przy wsparciu i w pe\u0142nej komplementarno\u015bci z NATO. Im wi\u0119cej takich przedsi\u0119wzi\u0119\u0107, tym wi\u0119ksze bezpiecze\u0144stwo obywateli.&#8221;<\/p>\n<p><em>&#8211; powiedzia\u0142 posed\u0142 Bogdan Zdrojewski<\/em><\/p>\n<p>\t\t\t\t\t\t\t\t\t\t\t\t\t<img loading=\"lazy\" decoding=\"async\" width=\"1689\" height=\"778\" src=\"https:\/\/zdrojewski.dev-whitemoon.pl\/wp-content\/uploads\/2024\/05\/2.png\" alt=\"\" srcset=\"https:\/\/zdrojewski.dev-whitemoon.pl\/wp-content\/uploads\/2024\/05\/2.png 1689w, https:\/\/zdrojewski.dev-whitemoon.pl\/wp-content\/uploads\/2024\/05\/2-300x138.png 300w, https:\/\/zdrojewski.dev-whitemoon.pl\/wp-content\/uploads\/2024\/05\/2-1024x472.png 1024w, https:\/\/zdrojewski.dev-whitemoon.pl\/wp-content\/uploads\/2024\/05\/2-768x354.png 768w, https:\/\/zdrojewski.dev-whitemoon.pl\/wp-content\/uploads\/2024\/05\/2-1536x708.png 1536w\" sizes=\"(max-width: 1689px) 100vw, 1689px\" \/><br \/>\n\t\t\t\t\t\t\t\t\t\t\t\t\t<img decoding=\"async\" src=\"https:\/\/zdrojewski.dev-whitemoon.pl\/wp-content\/uploads\/2024\/05\/1.png\" title=\"1\" alt=\"1\" loading=\"lazy\" \/><br \/>\n\t\t\t\t\t\t\t\t\t\t\t\t\t<img loading=\"lazy\" decoding=\"async\" width=\"1336\" height=\"684\" src=\"https:\/\/zdrojewski.dev-whitemoon.pl\/wp-content\/uploads\/2024\/05\/modulgraficzny_poziom.jpg\" alt=\"\" srcset=\"https:\/\/zdrojewski.dev-whitemoon.pl\/wp-content\/uploads\/2024\/05\/modulgraficzny_poziom.jpg 1336w, https:\/\/zdrojewski.dev-whitemoon.pl\/wp-content\/uploads\/2024\/05\/modulgraficzny_poziom-300x154.jpg 300w, https:\/\/zdrojewski.dev-whitemoon.pl\/wp-content\/uploads\/2024\/05\/modulgraficzny_poziom-1024x524.jpg 1024w, https:\/\/zdrojewski.dev-whitemoon.pl\/wp-content\/uploads\/2024\/05\/modulgraficzny_poziom-768x393.jpg 768w\" sizes=\"(max-width: 1336px) 100vw, 1336px\" \/><br \/>\n\t\t\t\t\t\t\t\t\t\t\t\t\t<img loading=\"lazy\" decoding=\"async\" width=\"1082\" height=\"1194\" src=\"https:\/\/zdrojewski.dev-whitemoon.pl\/wp-content\/uploads\/2024\/05\/modulgraficzny_pion.jpg\" alt=\"\" srcset=\"https:\/\/zdrojewski.dev-whitemoon.pl\/wp-content\/uploads\/2024\/05\/modulgraficzny_pion.jpg 1082w, https:\/\/zdrojewski.dev-whitemoon.pl\/wp-content\/uploads\/2024\/05\/modulgraficzny_pion-272x300.jpg 272w, https:\/\/zdrojewski.dev-whitemoon.pl\/wp-content\/uploads\/2024\/05\/modulgraficzny_pion-928x1024.jpg 928w, https:\/\/zdrojewski.dev-whitemoon.pl\/wp-content\/uploads\/2024\/05\/modulgraficzny_pion-768x847.jpg 768w\" sizes=\"(max-width: 1082px) 100vw, 1082px\" \/>\t\t\t\t\t\t\t\t\t\t\t\t\t<\/p>\n<p>&#8230;AKTYWNO\u015a\u0106<\/p>\n<p>Campus Polska to pierwszy i jedyny uk\u0142on wobec pokolenia 20+. Bezcenny.<\/p>\n<p>Pami\u0119tam jak prawica (ECR) podj\u0119\u0142a wysi\u0142ek, by zamkn\u0105\u0107 projekt stypendialny Erasmus, twierdz\u0105c, \u017ce ju\u017c wype\u0142ni\u0142 swoj\u0105 funkcj\u0119.<\/p>\n<p>Nie tylko zaprotestowa\u0142em, podj\u0105\u0142em skuteczne wysi\u0142ki obrony tego funduszu, a w finale, dzi\u0119ki wsparciu mojej grupy politycznej, podwoili\u015bmy \u015brodki na wymian\u0119 student\u00f3w. Ma\u0142o tego, uda\u0142o si\u0119 projekt poszerzy\u0107, wzbogaci\u0107, uelastyczni\u0107 i obroni\u0107 przed skutkami Brexitu.<\/p>\n<p>Czerpi\u0119 z tej swojej aktywno\u015bci szczeg\u00f3ln\u0105 satysfakcj\u0119.<\/p>\n<p>\t\t\t\t\t\t\t\t\t\t\t\t\t<img loading=\"lazy\" decoding=\"async\" width=\"853\" height=\"476\" src=\"https:\/\/zdrojewski.dev-whitemoon.pl\/wp-content\/uploads\/2024\/05\/IMG1-1.png\" alt=\"\" srcset=\"https:\/\/zdrojewski.dev-whitemoon.pl\/wp-content\/uploads\/2024\/05\/IMG1-1.png 853w, https:\/\/zdrojewski.dev-whitemoon.pl\/wp-content\/uploads\/2024\/05\/IMG1-1-300x167.png 300w, https:\/\/zdrojewski.dev-whitemoon.pl\/wp-content\/uploads\/2024\/05\/IMG1-1-768x429.png 768w\" sizes=\"(max-width: 853px) 100vw, 853px\" \/>\t\t\t\t\t\t\t\t\t\t\t\t\t<\/p>\n<p>&#8230;DO\u015aWIADCZENIE<\/p>\n<ul>\n<li>Prezydent Wroc\u0142awia 1990-2001.<\/li>\n<li>Senator, Pose\u0142, Eurodeputowany 1997-2024.<\/li>\n<li>Minister Kultury w latach 2007-2014.<\/li>\n<li>Doktor honoris causa ASP im. E. Gepperta we Wroc\u0142awiu.<\/li>\n<li>Lider w UE absorpcji \u015brodk\u00f3w na inwestycje w obszarze kultury (2007-14).<\/li>\n<\/ul>\n<p>\t\t\t\t\t\t\t\t\t\t\t\t\t<img loading=\"lazy\" decoding=\"async\" width=\"853\" height=\"476\" src=\"https:\/\/zdrojewski.dev-whitemoon.pl\/wp-content\/uploads\/2024\/05\/IMG2-1.png\" alt=\"\" srcset=\"https:\/\/zdrojewski.dev-whitemoon.pl\/wp-content\/uploads\/2024\/05\/IMG2-1.png 853w, https:\/\/zdrojewski.dev-whitemoon.pl\/wp-content\/uploads\/2024\/05\/IMG2-1-300x167.png 300w, https:\/\/zdrojewski.dev-whitemoon.pl\/wp-content\/uploads\/2024\/05\/IMG2-1-768x429.png 768w\" sizes=\"(max-width: 853px) 100vw, 853px\" \/>\t\t\t\t\t\t\t\t\t\t\t\t\t<\/p>\n<p>&#8230;PRACOWITO\u015a\u0106<\/p>\n<ul>\n<li>307 wyst\u0105pie\u0144 w Parlamencie Europejskim, 14 opinii, sprawozdania z inicjatywy w\u0142asnej i 7138 g\u0142osowa\u0144.<\/li>\n<li>419 wyst\u0105pie\u0144 w Senacie i 4319 g\u0142osowa\u0144 na 4349.<\/li>\n<li>W Parlamencie Europejskim i Senacie reprezentowanie Polski w Zgromadzeniu Parlamentarnym NATO.<\/li>\n<li>Sprawozdawca projekt\u00f3w ustaw i rezolucji obejmuj\u0105cych m.in. obronno\u015b\u0107, praworz\u0105dno\u015b\u0107, o\u015bwiat\u0119 i kultur\u0119.<\/li>\n<li>Wielokrotny uczestnik wojskowych misji obserwacyjnych.<\/li>\n<\/ul>\n<p>\t\t\t\t\t\t\t\t\t\t\t\t\t<img loading=\"lazy\" decoding=\"async\" width=\"853\" height=\"673\" src=\"https:\/\/zdrojewski.dev-whitemoon.pl\/wp-content\/uploads\/2024\/05\/IMG32.png\" alt=\"\" srcset=\"https:\/\/zdrojewski.dev-whitemoon.pl\/wp-content\/uploads\/2024\/05\/IMG32.png 853w, https:\/\/zdrojewski.dev-whitemoon.pl\/wp-content\/uploads\/2024\/05\/IMG32-300x237.png 300w, https:\/\/zdrojewski.dev-whitemoon.pl\/wp-content\/uploads\/2024\/05\/IMG32-768x606.png 768w\" sizes=\"(max-width: 853px) 100vw, 853px\" \/><\/p>\n","protected":false},"excerpt":{"rendered":"<p>DLA BEZPIECZNEJ PRZYSZ\u0141O\u015aCI &#8222;Nie bez trudu uda\u0142o si\u0119 przekona\u0107 pa\u0144stwa cz\u0142onkowskie do wi\u0119kszego zaanga\u017cowania we wsp\u00f3\u0142prac\u0119 obronn\u0105. Chodzi nie tylko o wzrost nak\u0142ad\u00f3w finansowych, ale tak\u017ce o wspieranie projekt\u00f3w badawczych, zmierzaj\u0105cych do uzyskania najnowocze\u015bniejszych produkt\u00f3w obronnych. Poprawiamy wreszcie logistyk\u0119, ograniczamy marnotrawstwo a tak\u017ce inwestujemy w europejskie systemy satelitarne. To wszystko przy wsparciu i w pe\u0142nej [&hellip;]<\/p>\n","protected":false},"author":1,"featured_media":0,"parent":0,"menu_order":0,"comment_status":"closed","ping_status":"closed","template":"elementor_header_footer","meta":{"footnotes":""},"_links":{"self":[{"href":"https:\/\/europarlament.zdrojewski.info\/index.php?rest_route=\/wp\/v2\/pages\/8"}],"collection":[{"href":"https:\/\/europarlament.zdrojewski.info\/index.php?rest_route=\/wp\/v2\/pages"}],"about":[{"href":"https:\/\/europarlament.zdrojewski.info\/index.php?rest_route=\/wp\/v2\/types\/page"}],"author":[{"embeddable":true,"href":"https:\/\/europarlament.zdrojewski.info\/index.php?rest_route=\/wp\/v2\/users\/1"}],"replies":[{"embeddable":true,"href":"https:\/\/europarlament.zdrojewski.info\/index.php?rest_route=%2Fwp%2Fv2%2Fcomments&post=8"}],"version-history":[{"count":71,"href":"https:\/\/europarlament.zdrojewski.info\/index.php?rest_route=\/wp\/v2\/pages\/8\/revisions"}],"predecessor-version":[{"id":159,"href":"https:\/\/europarlament.zdrojewski.info\/index.php?rest_route=\/wp\/v2\/pages\/8\/revisions\/159"}],"wp:attachment":[{"href":"https:\/\/europarlament.zdrojewski.info\/index.php?rest_route=%2Fwp%2Fv2%2Fmedia&parent=8"}],"curies":[{"name":"wp","href":"https:\/\/api.w.org\/{rel}","templated":true}]}}